{"id":17,"date":"2022-12-22T14:52:55","date_gmt":"2022-12-22T14:52:55","guid":{"rendered":"http:\/\/ec-sainte-therese-com.preview-domain.com\/?page_id=17"},"modified":"2023-01-20T15:09:40","modified_gmt":"2023-01-20T15:09:40","slug":"ogec","status":"publish","type":"page","link":"https:\/\/ec-sainte-therese.com\/?page_id=17","title":{"rendered":"OGEC"},"content":{"rendered":"\t\t<div data-elementor-type=\"wp-page\" data-elementor-id=\"17\" class=\"elementor elementor-17\">\n\t\t\t\t\t\t<section class=\"elementor-section elementor-top-section elementor-element elementor-element-461358f elementor-section-boxed elementor-section-height-default elementor-section-height-default\" data-id=\"461358f\" data-element_type=\"section\" data-e-type=\"section\" data-settings=\"{&quot;background_background&quot;:&quot;classic&quot;}\">\n\t\t\t\t\t\t\t<div class=\"elementor-background-overlay\"><\/div>\n\t\t\t\t\t\t\t<div class=\"elementor-container elementor-column-gap-default\">\n\t\t\t\t\t<div class=\"elementor-column elementor-col-100 elementor-top-column elementor-element elementor-element-71f5da9 animated-slow\" data-id=\"71f5da9\" data-element_type=\"column\" data-e-type=\"column\" data-settings=\"{&quot;animation&quot;:&quot;none&quot;}\">\n\t\t\t<div class=\"elementor-widget-wrap elementor-element-populated\">\n\t\t\t\t\t\t<section class=\"elementor-section elementor-inner-section elementor-element elementor-element-b57346f animated-slow elementor-section-boxed elementor-section-height-default elementor-section-height-default elementor-invisible\" data-id=\"b57346f\" data-element_type=\"section\" data-e-type=\"section\" data-settings=\"{&quot;animation&quot;:&quot;fadeInRight&quot;}\">\n\t\t\t\t\t\t<div class=\"elementor-container elementor-column-gap-default\">\n\t\t\t\t\t<div class=\"elementor-column elementor-col-100 elementor-inner-column elementor-element elementor-element-4f445c9 animated-slow elementor-invisible\" data-id=\"4f445c9\" data-element_type=\"column\" data-e-type=\"column\" data-settings=\"{&quot;animation&quot;:&quot;fadeInRight&quot;}\">\n\t\t\t<div class=\"elementor-widget-wrap elementor-element-populated\">\n\t\t\t\t\t\t<div class=\"elementor-element elementor-element-1e6be1d elementor-widget elementor-widget-heading\" data-id=\"1e6be1d\" data-element_type=\"widget\" data-e-type=\"widget\" data-widget_type=\"heading.default\">\n\t\t\t\t<div class=\"elementor-widget-container\">\n\t\t\t\t\t<h2 class=\"elementor-heading-title elementor-size-default\">O.G.E.C : <br>Organisme de Gestion de l\u2019Enseignement Catholique<\/h2>\t\t\t\t<\/div>\n\t\t\t\t<\/div>\n\t\t\t\t\t<\/div>\n\t\t<\/div>\n\t\t\t\t\t<\/div>\n\t\t<\/section>\n\t\t\t\t<div class=\"elementor-element elementor-element-504a9ed elementor-widget elementor-widget-text-editor\" data-id=\"504a9ed\" data-element_type=\"widget\" data-e-type=\"widget\" data-widget_type=\"text-editor.default\">\n\t\t\t\t<div class=\"elementor-widget-container\">\n\t\t\t\t\t\t\t\t\t<ul><li><p><span style=\"font-family: Times New Roman, serif; color: #ffffff;\"><span style=\"font-size: medium;\"><span style=\"font-family: Poppins, Nirmala UI;\">C\u2019est une association regroupant des parents b\u00e9n\u00e9voles de l\u2019\u00e9cole, de loi 1901, qui est charg\u00e9e de g\u00e9rer les finances de l\u2019\u00e9cole. L\u2019OGEC g\u00e8re l\u2019entretien des locaux et r\u00e8gles les imp\u00f4ts qui en d\u00e9coulent, les frais immobiliers, les investissements et des remboursements de pr\u00eats. Cette association g\u00e8re \u00e9galement la participation des familles et les subventions que les communes veulent bien lui octroyer pour le fonctionnement de l\u2019\u00e9cole.<\/span><\/span><\/span><\/p><\/li><li><p><span style=\"font-family: Times New Roman, serif; color: #ffffff;\"><span style=\"font-size: medium;\"><span style=\"font-family: Poppins, Nirmala UI;\">L\u2019OGEC r\u00e8gle toutes les factures courantes de l\u2019\u00e9tablissement (EDF \/GAZ\/ EAU\/ salaires du personnel non enseignant, fournitures scolaires et administratives, \u00e9ventuelles r\u00e9parations), et fait effectuer tous les travaux qui sont n\u00e9cessaires au bon fonctionnement de l\u2019\u00e9cole.<\/span><\/span><\/span><\/p><\/li><li><p><span style=\"font-family: Poppins, Nirmala UI; color: #ffffff;\"><span style=\"font-size: medium;\">Nous vous rappelons que tous les parents peuvent \u00eatre membres\u00a0de l\u2019OGEC.<\/span><\/span><\/p><\/li><li><p><span style=\"font-family: Times New Roman, serif; color: #ffffff;\"><span style=\"font-size: medium;\"><span style=\"font-family: Poppins, Nirmala UI;\">Le bureau actuel souhaite vous accueillir d\u00e8s maintenant si vous \u00eates int\u00e9ress\u00e9s.<\/span><\/span><\/span><\/p><\/li><li><p><span style=\"font-family: Times New Roman, serif; color: #ffffff;\"><span style=\"font-size: medium;\"><strong><span style=\"font-family: Poppins, Nirmala UI;\">L\u2019O.G.E.C. travaille en \u00e9troite collaboration avec le chef d\u2019\u00e9tablissement.<\/span><\/strong><\/span><\/span><\/p><\/li><li><p><span style=\"font-family: Times New Roman, serif; color: #ffffff;\"><span style=\"font-size: medium;\"><span style=\"font-family: Poppins, Nirmala UI;\">Pour vous investir au sein de l\u2019OGEC, n\u2019h\u00e9sitez pas \u00e0 contacter\u00a0<\/span><strong><span style=\"font-family: Poppins, Nirmala UI;\">Mme LAMY<\/span><\/strong><span style=\"font-family: Poppins, Nirmala UI;\">\u00a0(\u00a0<\/span><strong><span style=\"font-family: Poppins, Nirmala UI;\">pr\u00e9sidente de l\u2019OGEC<\/span><\/strong><span style=\"font-family: Poppins, Nirmala UI;\">\u00a0) ou Mme GARNIER.<\/span><\/span><\/span><\/p><\/li><li><p><span style=\"font-family: Times New Roman, serif; color: #ffffff;\"><span style=\"font-size: medium;\"><strong><span style=\"font-family: Poppins, Nirmala UI;\">Contribution des familles :<\/span><\/strong><\/span><\/span><\/p><\/li><li><p><span style=\"font-family: Times New Roman, serif; color: #ffffff;\"><span style=\"font-size: medium;\"><span style=\"font-family: Poppins, Nirmala UI;\">La contribution familiale est calcul\u00e9e en fonction d\u2019un quotient familial obtenu \u00e0 l\u2019aide de l\u2019avis d\u2019imposition. Cette contribution familiale est situ\u00e9e entre\u00a0<\/span><strong><span style=\"font-family: Poppins, Nirmala UI;\">25 \u20ac\u00a0<\/span><\/strong><span style=\"font-family: Poppins, Nirmala UI;\">et<\/span><strong><span style=\"font-family: Poppins, Nirmala UI;\">\u00a042 \u20ac<\/span><\/strong><span style=\"font-family: Poppins, Nirmala UI;\">\u00a0par mois pour une ann\u00e9e scolaire.<\/span><\/span><\/span><\/p><\/li><li><p><span style=\"font-family: Times New Roman, serif; color: #ffffff;\"><span style=\"font-size: medium;\"><span style=\"font-family: Poppins, Nirmala UI;\">Le paiement s\u2019effectue sur 10 mois : d\u2019octobre \u00e0 juillet. La facture du mois de septembre ne comprendra que les fournitures scolaires.<\/span><\/span><\/span><\/p><\/li><li><p><span style=\"font-family: Times New Roman, serif; color: #ffffff;\"><span style=\"font-size: medium;\"><span style=\"font-family: Poppins, Nirmala UI;\">Plusieurs r\u00e8glement sont accept\u00e9s :\u00a0<\/span><strong><span style=\"font-family: Poppins, Nirmala UI;\">Privil\u00e9giez le pr\u00e9l\u00e8vement<\/span><\/strong><span style=\"font-family: Poppins, Nirmala UI;\">\u00a0pour faciliter le travail des b\u00e9n\u00e9voles car maintenant, les ch\u00e8ques ne sont valables que 6 mois (depuis le 1er juin). Pour les r\u00e8glements en ch\u00e8que et en esp\u00e8ces, mettez sous enveloppe en y joignant le coupon de la facture.<\/span><\/span><\/span><\/p><\/li><\/ul>\t\t\t\t\t\t\t\t<\/div>\n\t\t\t\t<\/div>\n\t\t\t\t\t<\/div>\n\t\t<\/div>\n\t\t\t\t\t<\/div>\n\t\t<\/section>\n\t\t\t\t<section class=\"elementor-section elementor-top-section elementor-element elementor-element-6a191b4 elementor-section-boxed elementor-section-height-default elementor-section-height-default\" data-id=\"6a191b4\" data-element_type=\"section\" data-e-type=\"section\">\n\t\t\t\t\t\t<div class=\"elementor-container elementor-column-gap-default\">\n\t\t\t\t\t<div class=\"elementor-column elementor-col-100 elementor-top-column elementor-element elementor-element-2e01c3b\" data-id=\"2e01c3b\" data-element_type=\"column\" data-e-type=\"column\">\n\t\t\t<div class=\"elementor-widget-wrap\">\n\t\t\t\t\t\t\t<\/div>\n\t\t<\/div>\n\t\t\t\t\t<\/div>\n\t\t<\/section>\n\t\t\t\t<\/div>\n\t\t","protected":false},"excerpt":{"rendered":"<p>O.G.E.C : Organisme de Gestion de l\u2019Enseignement Catholique C\u2019est une association regroupant des parents b\u00e9n\u00e9voles de l\u2019\u00e9cole, de loi 1901, qui est charg\u00e9e de g\u00e9rer les finances de l\u2019\u00e9cole. L\u2019OGEC g\u00e8re l\u2019entretien des locaux et r\u00e8gles les imp\u00f4ts qui en d\u00e9coulent, les frais immobiliers, les investissements et des remboursements de pr\u00eats. Cette association g\u00e8re \u00e9galement [&hellip;]<\/p>\n","protected":false},"author":1,"featured_media":0,"parent":0,"menu_order":0,"comment_status":"closed","ping_status":"closed","template":"","meta":{"site-sidebar-layout":"no-sidebar","site-content-layout":"page-builder","ast-site-content-layout":"default","site-content-style":"default","site-sidebar-style":"default","ast-global-header-display":"","ast-banner-title-visibility":"","ast-main-header-display":"","ast-hfb-above-header-display":"","ast-hfb-below-header-display":"","ast-hfb-mobile-header-display":"","site-post-title":"disabled","ast-breadcrumbs-content":"","ast-featured-img":"disabled","footer-sml-layout":"","ast-disable-related-posts":"","theme-transparent-header-meta":"","adv-header-id-meta":"","stick-header-meta":"","header-above-stick-meta":"","header-main-stick-meta":"","header-below-stick-meta":"","astra-migrate-meta-layouts":"default","ast-page-background-enabled":"default","ast-page-background-meta":{"desktop":{"background-color":"var(--ast-global-color-4)","background-image":"","background-repeat":"repeat","background-position":"center center","background-size":"auto","background-attachment":"scroll","background-type":"","background-media":"","overlay-type":"","overlay-color":"","overlay-opacity":"","overlay-gradient":""},"tablet":{"background-color":"","background-image":"","background-repeat":"repeat","background-position":"center center","background-size":"auto","background-attachment":"scroll","background-type":"","background-media":"","overlay-type":"","overlay-color":"","overlay-opacity":"","overlay-gradient":""},"mobile":{"background-color":"","background-image":"","background-repeat":"repeat","background-position":"center center","background-size":"auto","background-attachment":"scroll","background-type":"","background-media":"","overlay-type":"","overlay-color":"","overlay-opacity":"","overlay-gradient":""}},"ast-content-background-meta":{"desktop":{"background-color":"var(--ast-global-color-5)","background-image":"","background-repeat":"repeat","background-position":"center center","background-size":"auto","background-attachment":"scroll","background-type":"","background-media":"","overlay-type":"","overlay-color":"","overlay-opacity":"","overlay-gradient":""},"tablet":{"background-color":"var(--ast-global-color-5)","background-image":"","background-repeat":"repeat","background-position":"center center","background-size":"auto","background-attachment":"scroll","background-type":"","background-media":"","overlay-type":"","overlay-color":"","overlay-opacity":"","overlay-gradient":""},"mobile":{"background-color":"var(--ast-global-color-5)","background-image":"","background-repeat":"repeat","background-position":"center center","background-size":"auto","background-attachment":"scroll","background-type":"","background-media":"","overlay-type":"","overlay-color":"","overlay-opacity":"","overlay-gradient":""}},"footnotes":""},"class_list":["post-17","page","type-page","status-publish","hentry"],"yoast_head":"<!-- This site is optimized with the Yoast SEO plugin v27.5 - https:\/\/yoast.com\/product\/yoast-seo-wordpress\/ -->\n<title>OGEC - ECOLE PRIVEE SAINTE THERESE<\/title>\n<meta name=\"robots\" content=\"index, follow, max-snippet:-1, max-image-preview:large, max-video-preview:-1\" \/>\n<link rel=\"canonical\" href=\"https:\/\/ec-sainte-therese.com\/?page_id=17\" \/>\n<meta property=\"og:locale\" content=\"fr_FR\" \/>\n<meta property=\"og:type\" content=\"article\" \/>\n<meta property=\"og:title\" content=\"OGEC - ECOLE PRIVEE SAINTE THERESE\" \/>\n<meta property=\"og:description\" content=\"O.G.E.C : Organisme de Gestion de l\u2019Enseignement Catholique C\u2019est une association regroupant des parents b\u00e9n\u00e9voles de l\u2019\u00e9cole, de loi 1901, qui est charg\u00e9e de g\u00e9rer les finances de l\u2019\u00e9cole. L\u2019OGEC g\u00e8re l\u2019entretien des locaux et r\u00e8gles les imp\u00f4ts qui en d\u00e9coulent, les frais immobiliers, les investissements et des remboursements de pr\u00eats. Cette association g\u00e8re \u00e9galement [&hellip;]\" \/>\n<meta property=\"og:url\" content=\"https:\/\/ec-sainte-therese.com\/?page_id=17\" \/>\n<meta property=\"og:site_name\" content=\"ECOLE PRIVEE SAINTE THERESE\" \/>\n<meta property=\"article:publisher\" content=\"https:\/\/www.facebook.com\/APELSAINTETHERESE72\" \/>\n<meta property=\"article:modified_time\" content=\"2023-01-20T15:09:40+00:00\" \/>\n<meta name=\"twitter:card\" content=\"summary_large_image\" \/>\n<meta name=\"twitter:label1\" content=\"Dur\u00e9e de lecture estim\u00e9e\" \/>\n\t<meta name=\"twitter:data1\" content=\"2 minutes\" \/>\n<script type=\"application\/ld+json\" class=\"yoast-schema-graph\">{\"@context\":\"https:\\\/\\\/schema.org\",\"@graph\":[{\"@type\":\"WebPage\",\"@id\":\"https:\\\/\\\/ec-sainte-therese.com\\\/?page_id=17\",\"url\":\"https:\\\/\\\/ec-sainte-therese.com\\\/?page_id=17\",\"name\":\"OGEC - ECOLE PRIVEE SAINTE THERESE\",\"isPartOf\":{\"@id\":\"https:\\\/\\\/ec-sainte-therese.com\\\/#website\"},\"datePublished\":\"2022-12-22T14:52:55+00:00\",\"dateModified\":\"2023-01-20T15:09:40+00:00\",\"breadcrumb\":{\"@id\":\"https:\\\/\\\/ec-sainte-therese.com\\\/?page_id=17#breadcrumb\"},\"inLanguage\":\"fr-FR\",\"potentialAction\":[{\"@type\":\"ReadAction\",\"target\":[\"https:\\\/\\\/ec-sainte-therese.com\\\/?page_id=17\"]}]},{\"@type\":\"BreadcrumbList\",\"@id\":\"https:\\\/\\\/ec-sainte-therese.com\\\/?page_id=17#breadcrumb\",\"itemListElement\":[{\"@type\":\"ListItem\",\"position\":1,\"name\":\"Accueil\",\"item\":\"https:\\\/\\\/ec-sainte-therese.com\\\/\"},{\"@type\":\"ListItem\",\"position\":2,\"name\":\"OGEC\"}]},{\"@type\":\"WebSite\",\"@id\":\"https:\\\/\\\/ec-sainte-therese.com\\\/#website\",\"url\":\"https:\\\/\\\/ec-sainte-therese.com\\\/\",\"name\":\"ECOLE PRIVEE SAINTE THERESE\",\"description\":\"\",\"publisher\":{\"@id\":\"https:\\\/\\\/ec-sainte-therese.com\\\/#organization\"},\"potentialAction\":[{\"@type\":\"SearchAction\",\"target\":{\"@type\":\"EntryPoint\",\"urlTemplate\":\"https:\\\/\\\/ec-sainte-therese.com\\\/?s={search_term_string}\"},\"query-input\":{\"@type\":\"PropertyValueSpecification\",\"valueRequired\":true,\"valueName\":\"search_term_string\"}}],\"inLanguage\":\"fr-FR\"},{\"@type\":\"Organization\",\"@id\":\"https:\\\/\\\/ec-sainte-therese.com\\\/#organization\",\"name\":\"ECOLE SAINTE THERESE\",\"alternateName\":\"ECOLE PRIVE\",\"url\":\"https:\\\/\\\/ec-sainte-therese.com\\\/\",\"logo\":{\"@type\":\"ImageObject\",\"inLanguage\":\"fr-FR\",\"@id\":\"https:\\\/\\\/ec-sainte-therese.com\\\/#\\\/schema\\\/logo\\\/image\\\/\",\"url\":\"https:\\\/\\\/ec-sainte-therese.com\\\/wp-content\\\/uploads\\\/2022\\\/12\\\/cropped-logo.png\",\"contentUrl\":\"https:\\\/\\\/ec-sainte-therese.com\\\/wp-content\\\/uploads\\\/2022\\\/12\\\/cropped-logo.png\",\"width\":240,\"height\":91,\"caption\":\"ECOLE SAINTE THERESE\"},\"image\":{\"@id\":\"https:\\\/\\\/ec-sainte-therese.com\\\/#\\\/schema\\\/logo\\\/image\\\/\"},\"sameAs\":[\"https:\\\/\\\/www.facebook.com\\\/APELSAINTETHERESE72\"]}]}<\/script>\n<!-- \/ Yoast SEO plugin. -->","yoast_head_json":{"title":"OGEC - ECOLE PRIVEE SAINTE THERESE","robots":{"index":"index","follow":"follow","max-snippet":"max-snippet:-1","max-image-preview":"max-image-preview:large","max-video-preview":"max-video-preview:-1"},"canonical":"https:\/\/ec-sainte-therese.com\/?page_id=17","og_locale":"fr_FR","og_type":"article","og_title":"OGEC - ECOLE PRIVEE SAINTE THERESE","og_description":"O.G.E.C : Organisme de Gestion de l\u2019Enseignement Catholique C\u2019est une association regroupant des parents b\u00e9n\u00e9voles de l\u2019\u00e9cole, de loi 1901, qui est charg\u00e9e de g\u00e9rer les finances de l\u2019\u00e9cole. L\u2019OGEC g\u00e8re l\u2019entretien des locaux et r\u00e8gles les imp\u00f4ts qui en d\u00e9coulent, les frais immobiliers, les investissements et des remboursements de pr\u00eats. Cette association g\u00e8re \u00e9galement [&hellip;]","og_url":"https:\/\/ec-sainte-therese.com\/?page_id=17","og_site_name":"ECOLE PRIVEE SAINTE THERESE","article_publisher":"https:\/\/www.facebook.com\/APELSAINTETHERESE72","article_modified_time":"2023-01-20T15:09:40+00:00","twitter_card":"summary_large_image","twitter_misc":{"Dur\u00e9e de lecture estim\u00e9e":"2 minutes"},"schema":{"@context":"https:\/\/schema.org","@graph":[{"@type":"WebPage","@id":"https:\/\/ec-sainte-therese.com\/?page_id=17","url":"https:\/\/ec-sainte-therese.com\/?page_id=17","name":"OGEC - ECOLE PRIVEE SAINTE THERESE","isPartOf":{"@id":"https:\/\/ec-sainte-therese.com\/#website"},"datePublished":"2022-12-22T14:52:55+00:00","dateModified":"2023-01-20T15:09:40+00:00","breadcrumb":{"@id":"https:\/\/ec-sainte-therese.com\/?page_id=17#breadcrumb"},"inLanguage":"fr-FR","potentialAction":[{"@type":"ReadAction","target":["https:\/\/ec-sainte-therese.com\/?page_id=17"]}]},{"@type":"BreadcrumbList","@id":"https:\/\/ec-sainte-therese.com\/?page_id=17#breadcrumb","itemListElement":[{"@type":"ListItem","position":1,"name":"Accueil","item":"https:\/\/ec-sainte-therese.com\/"},{"@type":"ListItem","position":2,"name":"OGEC"}]},{"@type":"WebSite","@id":"https:\/\/ec-sainte-therese.com\/#website","url":"https:\/\/ec-sainte-therese.com\/","name":"ECOLE PRIVEE SAINTE THERESE","description":"","publisher":{"@id":"https:\/\/ec-sainte-therese.com\/#organization"},"potentialAction":[{"@type":"SearchAction","target":{"@type":"EntryPoint","urlTemplate":"https:\/\/ec-sainte-therese.com\/?s={search_term_string}"},"query-input":{"@type":"PropertyValueSpecification","valueRequired":true,"valueName":"search_term_string"}}],"inLanguage":"fr-FR"},{"@type":"Organization","@id":"https:\/\/ec-sainte-therese.com\/#organization","name":"ECOLE SAINTE THERESE","alternateName":"ECOLE PRIVE","url":"https:\/\/ec-sainte-therese.com\/","logo":{"@type":"ImageObject","inLanguage":"fr-FR","@id":"https:\/\/ec-sainte-therese.com\/#\/schema\/logo\/image\/","url":"https:\/\/ec-sainte-therese.com\/wp-content\/uploads\/2022\/12\/cropped-logo.png","contentUrl":"https:\/\/ec-sainte-therese.com\/wp-content\/uploads\/2022\/12\/cropped-logo.png","width":240,"height":91,"caption":"ECOLE SAINTE THERESE"},"image":{"@id":"https:\/\/ec-sainte-therese.com\/#\/schema\/logo\/image\/"},"sameAs":["https:\/\/www.facebook.com\/APELSAINTETHERESE72"]}]}},"_links":{"self":[{"href":"https:\/\/ec-sainte-therese.com\/index.php?rest_route=\/wp\/v2\/pages\/17","targetHints":{"allow":["GET"]}}],"collection":[{"href":"https:\/\/ec-sainte-therese.com\/index.php?rest_route=\/wp\/v2\/pages"}],"about":[{"href":"https:\/\/ec-sainte-therese.com\/index.php?rest_route=\/wp\/v2\/types\/page"}],"author":[{"embeddable":true,"href":"https:\/\/ec-sainte-therese.com\/index.php?rest_route=\/wp\/v2\/users\/1"}],"replies":[{"embeddable":true,"href":"https:\/\/ec-sainte-therese.com\/index.php?rest_route=%2Fwp%2Fv2%2Fcomments&post=17"}],"version-history":[{"count":11,"href":"https:\/\/ec-sainte-therese.com\/index.php?rest_route=\/wp\/v2\/pages\/17\/revisions"}],"predecessor-version":[{"id":444,"href":"https:\/\/ec-sainte-therese.com\/index.php?rest_route=\/wp\/v2\/pages\/17\/revisions\/444"}],"wp:attachment":[{"href":"https:\/\/ec-sainte-therese.com\/index.php?rest_route=%2Fwp%2Fv2%2Fmedia&parent=17"}],"curies":[{"name":"wp","href":"https:\/\/api.w.org\/{rel}","templated":true}]}}