{"id":19,"date":"2022-12-22T14:53:09","date_gmt":"2022-12-22T14:53:09","guid":{"rendered":"http:\/\/ec-sainte-therese-com.preview-domain.com\/?page_id=19"},"modified":"2023-01-26T14:24:57","modified_gmt":"2023-01-26T14:24:57","slug":"apel","status":"publish","type":"page","link":"https:\/\/ec-sainte-therese.com\/?page_id=19","title":{"rendered":"APEL"},"content":{"rendered":"\t\t<div data-elementor-type=\"wp-page\" data-elementor-id=\"19\" class=\"elementor elementor-19\">\n\t\t\t\t\t\t<section class=\"elementor-section elementor-top-section elementor-element elementor-element-ad74960 elementor-section-boxed elementor-section-height-default elementor-section-height-default\" data-id=\"ad74960\" data-element_type=\"section\" data-e-type=\"section\" data-settings=\"{&quot;background_background&quot;:&quot;classic&quot;}\">\n\t\t\t\t\t\t\t<div class=\"elementor-background-overlay\"><\/div>\n\t\t\t\t\t\t\t<div class=\"elementor-container elementor-column-gap-default\">\n\t\t\t\t\t<div class=\"elementor-column elementor-col-100 elementor-top-column elementor-element elementor-element-597c4d1 animated-slow\" data-id=\"597c4d1\" data-element_type=\"column\" data-e-type=\"column\" data-settings=\"{&quot;animation&quot;:&quot;none&quot;}\">\n\t\t\t<div class=\"elementor-widget-wrap elementor-element-populated\">\n\t\t\t\t\t\t<section class=\"elementor-section elementor-inner-section elementor-element elementor-element-adf48ec animated-slow elementor-section-boxed elementor-section-height-default elementor-section-height-default elementor-invisible\" data-id=\"adf48ec\" data-element_type=\"section\" data-e-type=\"section\" data-settings=\"{&quot;animation&quot;:&quot;fadeInRight&quot;}\">\n\t\t\t\t\t\t<div class=\"elementor-container elementor-column-gap-default\">\n\t\t\t\t\t<div class=\"elementor-column elementor-col-100 elementor-inner-column elementor-element elementor-element-e656eb8 animated-slow elementor-invisible\" data-id=\"e656eb8\" data-element_type=\"column\" data-e-type=\"column\" data-settings=\"{&quot;animation&quot;:&quot;fadeInRight&quot;}\">\n\t\t\t<div class=\"elementor-widget-wrap elementor-element-populated\">\n\t\t\t\t\t\t<div class=\"elementor-element elementor-element-166afa0 elementor-widget elementor-widget-heading\" data-id=\"166afa0\" data-element_type=\"widget\" data-e-type=\"widget\" data-widget_type=\"heading.default\">\n\t\t\t\t<div class=\"elementor-widget-container\">\n\t\t\t\t\t<h2 class=\"elementor-heading-title elementor-size-default\">Apel<\/h2>\t\t\t\t<\/div>\n\t\t\t\t<\/div>\n\t\t\t\t\t<\/div>\n\t\t<\/div>\n\t\t\t\t\t<\/div>\n\t\t<\/section>\n\t\t\t\t<div class=\"elementor-element elementor-element-17a76dc elementor-widget elementor-widget-text-editor\" data-id=\"17a76dc\" data-element_type=\"widget\" data-e-type=\"widget\" data-widget_type=\"text-editor.default\">\n\t\t\t\t<div class=\"elementor-widget-container\">\n\t\t\t\t\t\t\t\t\t<p>Qu&rsquo;est-ce que l&rsquo;APEL ?<\/p><p>L\u2019APEL de l\u2019\u00e9cole Sainte Th\u00e9r\u00e8se est une association loi 1901, reconnue dans le statut de l\u2019Enseignement Catholique, compos\u00e9e de parents d\u2019\u00e9l\u00e8ves de l\u2019\u00e9cole, tous b\u00e9n\u00e9voles. Elle dispose d\u2019une place sp\u00e9cifique au sein de l\u2019\u00e9tablissement scolaire.<\/p><p>Quels objectifs\u00a0?<\/p><p style=\"line-height: 107%; text-indent: 1.25cm; margin-bottom: 0.28cm;\">&#8211; Cr\u00e9er et animer des liens conviviaux entre les parents de l\u2019\u00e9cole<br \/>\u00a0\u00a0\u00a0\u00a0\u00a0\u00a0\u00a0\u00a0\u00a0 \u00a0\u00a0\u00a0 \u00a0 en organisant, tout au long de l\u2019ann\u00e9e scolaire, diff\u00e9rentes manifestations\u00a0: un pot d\u2019accueil, la galette des rois, ventes etc\u2026<\/p><p style=\"line-height: 107%; text-indent: 1.25cm; margin-bottom: 0.28cm;\">\u00a0<\/p><p style=\"line-height: 107%; margin-left: 1.25cm; margin-bottom: 0.28cm;\">\u00a0<\/p><p style=\"line-height: 107%; margin-left: 1.25cm; margin-bottom: 0.28cm;\">&#8211; Organiser les grands \u00e9v\u00e9nements festifs de l\u2019\u00e9cole, notamment le<br \/>\u00a0\u00a0 march\u00e9 de No\u00ebl, la tombola et la kermesse.<\/p><p style=\"line-height: 107%; margin-left: 1.25cm; margin-bottom: 0.28cm;\">\u00a0<\/p><p style=\"line-height: 107%; text-indent: 1.25cm; margin-bottom: 0.28cm;\">\u00a0<\/p><p style=\"line-height: 107%; text-indent: 1.25cm; margin-bottom: 0.28cm;\">&#8211; \u00catre \u00e0 l\u2019\u00e9coute de toutes les familles.<\/p><p style=\"line-height: 107%; text-indent: 1.25cm; margin-bottom: 0.28cm;\">\u00a0<\/p><p style=\"line-height: 107%; text-indent: 1.25cm; margin-bottom: 0.28cm;\">&#8211; Repr\u00e9senter les familles aupr\u00e8s du chef d\u2019\u00e9tablissement, des autorit\u00e9s civiles ou religieuses.<\/p><p>\u00a0<\/p><p>Quel but ?<\/p><p>\u00a0<\/p><p style=\"line-height: 107%; margin-bottom: 0.28cm;\">\u00a0\u00a0\u00a0\u00a0\u00a0\u00a0\u00a0\u00a0\u00a0\u00a0\u00a0\u00a0\u00a0 &#8211; le bien \u00eatre de tous, enfants, parents et \u00e9quipe enseignante au sein de l\u2019\u00e9cole.<\/p><p style=\"line-height: 107%; margin-bottom: 0.28cm;\">\u00a0<\/p><p style=\"line-height: 107%; margin-bottom: 0.28cm;\">\u00a0<\/p><p style=\"line-height: 107%; margin-bottom: 0.28cm;\">\u00a0<\/p><p style=\"line-height: 107%; margin-bottom: 0.28cm;\">Quelle utilisation des recettes ?<\/p><p style=\"line-height: 107%; margin-left: 1.27cm; margin-bottom: 0.28cm;\">\u00a0<\/p><p style=\"line-height: 107%; margin-left: 1.27cm; margin-bottom: 0.28cm;\">\u00a0<\/p><p style=\"line-height: 107%; margin-left: 1.27cm; margin-bottom: 0.28cm;\">\u00a0&#8211; Aider l\u2019\u00e9cole\u00a0: participation financi\u00e8re aux activit\u00e9s<br \/>\u00a0 \u00a0 p\u00e9dagogiques (sorties, spectacle etc), achat de mat\u00e9riel p\u00e9dagogique (jeux, mat\u00e9riel de sport etc), mat\u00e9riel en lien avec les th\u00e8mes d\u2019ann\u00e9es (livres, jeux) etc.<\/p><p style=\"line-height: 107%; margin-left: 1.27cm; margin-bottom: 0.28cm;\">\u00a0<\/p><p style=\"line-height: 107%; margin-bottom: 0.28cm;\">\u00a0<\/p><p style=\"line-height: 107%; margin-bottom: 0.28cm;\">\u00a0<\/p><p style=\"line-height: 107%; margin-bottom: 0.28cm;\">\u00a0<\/p><p style=\"line-height: 107%; margin-bottom: 0.28cm;\">Vous pouvez rejoindre l\u2019APEL \u00e0 tout moment, selon vos disponibilit\u00e9s et vos comp\u00e9tences pour la confection de g\u00e2teaux, la participation au montage\/d\u00e9montage lors des \u00e9v\u00e9nements, la participation \u00e0 tenir des stands, la participation aux r\u00e9unions de pr\u00e9paration etc.<\/p><p style=\"line-height: 107%; margin-bottom: 0.28cm;\">\u00a0<\/p><p class=\"western\" style=\"line-height: 107%; margin-bottom: 0.28cm;\"><a name=\"_PictureBullets\"><\/a> Vous pouvez consulter la page Facebook.<\/p><p style=\"line-height: 107%; margin-bottom: 0.28cm;\">\u00a0<\/p><p style=\"line-height: 107%; margin-left: 1.27cm; margin-bottom: 0.28cm;\">\u00a0<\/p><p style=\"line-height: 107%; margin-left: 1.27cm; margin-bottom: 0.28cm;\">\u00a0<\/p><p style=\"line-height: 107%; margin-left: 1.27cm; margin-bottom: 0.28cm;\">\u00a0<\/p><p style=\"line-height: 107%; margin-left: 1.27cm; margin-bottom: 0.28cm;\">\u00a0<\/p><p style=\"line-height: 107%; margin-bottom: 0.28cm;\">\u00a0<\/p><p style=\"line-height: 107%; margin-bottom: 0.28cm;\">\u00a0<\/p><p style=\"line-height: 107%; text-indent: 1.25cm; margin-bottom: 0.28cm;\">\u00a0<\/p><p style=\"line-height: 107%; text-indent: 1.25cm; margin-bottom: 0.28cm;\">\u00a0<\/p>\t\t\t\t\t\t\t\t<\/div>\n\t\t\t\t<\/div>\n\t\t\t\t<div class=\"elementor-element elementor-element-ba45bbe elementor-widget__width-inherit elementor-align-center elementor-widget elementor-widget-button\" data-id=\"ba45bbe\" data-element_type=\"widget\" data-e-type=\"widget\" data-widget_type=\"button.default\">\n\t\t\t\t<div class=\"elementor-widget-container\">\n\t\t\t\t\t\t\t\t\t<div class=\"elementor-button-wrapper\">\n\t\t\t\t\t<a class=\"elementor-button elementor-button-link elementor-size-sm\" href=\"https:\/\/www.facebook.com\/APELSAINTETHERESE72\">\n\t\t\t\t\t\t<span class=\"elementor-button-content-wrapper\">\n\t\t\t\t\t\t<span class=\"elementor-button-icon\">\n\t\t\t\t<i aria-hidden=\"true\" class=\"fas fa-angle-right\"><\/i>\t\t\t<\/span>\n\t\t\t\t\t\t\t\t\t<span class=\"elementor-button-text\">FACEBOOK<\/span>\n\t\t\t\t\t<\/span>\n\t\t\t\t\t<\/a>\n\t\t\t\t<\/div>\n\t\t\t\t\t\t\t\t<\/div>\n\t\t\t\t<\/div>\n\t\t\t\t\t<\/div>\n\t\t<\/div>\n\t\t\t\t\t<\/div>\n\t\t<\/section>\n\t\t\t\t<\/div>\n\t\t","protected":false},"excerpt":{"rendered":"<p>Apel Qu&rsquo;est-ce que l&rsquo;APEL ? L\u2019APEL de l\u2019\u00e9cole Sainte Th\u00e9r\u00e8se est une association loi 1901, reconnue dans le statut de l\u2019Enseignement Catholique, compos\u00e9e de parents d\u2019\u00e9l\u00e8ves de l\u2019\u00e9cole, tous b\u00e9n\u00e9voles. Elle dispose d\u2019une place sp\u00e9cifique au sein de l\u2019\u00e9tablissement scolaire. Quels objectifs\u00a0? &#8211; Cr\u00e9er et animer des liens conviviaux entre les parents de l\u2019\u00e9cole\u00a0\u00a0\u00a0\u00a0\u00a0\u00a0\u00a0\u00a0\u00a0 \u00a0\u00a0\u00a0 [&hellip;]<\/p>\n","protected":false},"author":1,"featured_media":0,"parent":0,"menu_order":0,"comment_status":"closed","ping_status":"closed","template":"","meta":{"site-sidebar-layout":"no-sidebar","site-content-layout":"page-builder","ast-site-content-layout":"default","site-content-style":"default","site-sidebar-style":"default","ast-global-header-display":"","ast-banner-title-visibility":"","ast-main-header-display":"","ast-hfb-above-header-display":"","ast-hfb-below-header-display":"","ast-hfb-mobile-header-display":"","site-post-title":"disabled","ast-breadcrumbs-content":"","ast-featured-img":"disabled","footer-sml-layout":"","ast-disable-related-posts":"","theme-transparent-header-meta":"","adv-header-id-meta":"","stick-header-meta":"","header-above-stick-meta":"","header-main-stick-meta":"","header-below-stick-meta":"","astra-migrate-meta-layouts":"default","ast-page-background-enabled":"default","ast-page-background-meta":{"desktop":{"background-color":"var(--ast-global-color-4)","background-image":"","background-repeat":"repeat","background-position":"center center","background-size":"auto","background-attachment":"scroll","background-type":"","background-media":"","overlay-type":"","overlay-color":"","overlay-opacity":"","overlay-gradient":""},"tablet":{"background-color":"","background-image":"","background-repeat":"repeat","background-position":"center center","background-size":"auto","background-attachment":"scroll","background-type":"","background-media":"","overlay-type":"","overlay-color":"","overlay-opacity":"","overlay-gradient":""},"mobile":{"background-color":"","background-image":"","background-repeat":"repeat","background-position":"center center","background-size":"auto","background-attachment":"scroll","background-type":"","background-media":"","overlay-type":"","overlay-color":"","overlay-opacity":"","overlay-gradient":""}},"ast-content-background-meta":{"desktop":{"background-color":"var(--ast-global-color-5)","background-image":"","background-repeat":"repeat","background-position":"center center","background-size":"auto","background-attachment":"scroll","background-type":"","background-media":"","overlay-type":"","overlay-color":"","overlay-opacity":"","overlay-gradient":""},"tablet":{"background-color":"var(--ast-global-color-5)","background-image":"","background-repeat":"repeat","background-position":"center center","background-size":"auto","background-attachment":"scroll","background-type":"","background-media":"","overlay-type":"","overlay-color":"","overlay-opacity":"","overlay-gradient":""},"mobile":{"background-color":"var(--ast-global-color-5)","background-image":"","background-repeat":"repeat","background-position":"center center","background-size":"auto","background-attachment":"scroll","background-type":"","background-media":"","overlay-type":"","overlay-color":"","overlay-opacity":"","overlay-gradient":""}},"footnotes":""},"class_list":["post-19","page","type-page","status-publish","hentry"],"yoast_head":"<!-- This site is optimized with the Yoast SEO plugin v27.4 - https:\/\/yoast.com\/product\/yoast-seo-wordpress\/ -->\n<title>APEL - ECOLE PRIVEE SAINTE THERESE<\/title>\n<meta name=\"robots\" content=\"index, follow, max-snippet:-1, max-image-preview:large, max-video-preview:-1\" \/>\n<link rel=\"canonical\" href=\"https:\/\/ec-sainte-therese.com\/?page_id=19\" \/>\n<meta property=\"og:locale\" content=\"fr_FR\" \/>\n<meta property=\"og:type\" content=\"article\" \/>\n<meta property=\"og:title\" content=\"APEL - ECOLE PRIVEE SAINTE THERESE\" \/>\n<meta property=\"og:description\" content=\"Apel Qu&rsquo;est-ce que l&rsquo;APEL ? L\u2019APEL de l\u2019\u00e9cole Sainte Th\u00e9r\u00e8se est une association loi 1901, reconnue dans le statut de l\u2019Enseignement Catholique, compos\u00e9e de parents d\u2019\u00e9l\u00e8ves de l\u2019\u00e9cole, tous b\u00e9n\u00e9voles. Elle dispose d\u2019une place sp\u00e9cifique au sein de l\u2019\u00e9tablissement scolaire. Quels objectifs\u00a0? &#8211; Cr\u00e9er et animer des liens conviviaux entre les parents de l\u2019\u00e9cole\u00a0\u00a0\u00a0\u00a0\u00a0\u00a0\u00a0\u00a0\u00a0 \u00a0\u00a0\u00a0 [&hellip;]\" \/>\n<meta property=\"og:url\" content=\"https:\/\/ec-sainte-therese.com\/?page_id=19\" \/>\n<meta property=\"og:site_name\" content=\"ECOLE PRIVEE SAINTE THERESE\" \/>\n<meta property=\"article:publisher\" content=\"https:\/\/www.facebook.com\/APELSAINTETHERESE72\" \/>\n<meta property=\"article:modified_time\" content=\"2023-01-26T14:24:57+00:00\" \/>\n<meta name=\"twitter:card\" content=\"summary_large_image\" \/>\n<meta name=\"twitter:label1\" content=\"Dur\u00e9e de lecture estim\u00e9e\" \/>\n\t<meta name=\"twitter:data1\" content=\"2 minutes\" \/>\n<script type=\"application\/ld+json\" class=\"yoast-schema-graph\">{\"@context\":\"https:\\\/\\\/schema.org\",\"@graph\":[{\"@type\":\"WebPage\",\"@id\":\"https:\\\/\\\/ec-sainte-therese.com\\\/?page_id=19\",\"url\":\"https:\\\/\\\/ec-sainte-therese.com\\\/?page_id=19\",\"name\":\"APEL - ECOLE PRIVEE SAINTE THERESE\",\"isPartOf\":{\"@id\":\"https:\\\/\\\/ec-sainte-therese.com\\\/#website\"},\"datePublished\":\"2022-12-22T14:53:09+00:00\",\"dateModified\":\"2023-01-26T14:24:57+00:00\",\"breadcrumb\":{\"@id\":\"https:\\\/\\\/ec-sainte-therese.com\\\/?page_id=19#breadcrumb\"},\"inLanguage\":\"fr-FR\",\"potentialAction\":[{\"@type\":\"ReadAction\",\"target\":[\"https:\\\/\\\/ec-sainte-therese.com\\\/?page_id=19\"]}]},{\"@type\":\"BreadcrumbList\",\"@id\":\"https:\\\/\\\/ec-sainte-therese.com\\\/?page_id=19#breadcrumb\",\"itemListElement\":[{\"@type\":\"ListItem\",\"position\":1,\"name\":\"Accueil\",\"item\":\"https:\\\/\\\/ec-sainte-therese.com\\\/\"},{\"@type\":\"ListItem\",\"position\":2,\"name\":\"APEL\"}]},{\"@type\":\"WebSite\",\"@id\":\"https:\\\/\\\/ec-sainte-therese.com\\\/#website\",\"url\":\"https:\\\/\\\/ec-sainte-therese.com\\\/\",\"name\":\"ECOLE PRIVEE SAINTE THERESE\",\"description\":\"\",\"publisher\":{\"@id\":\"https:\\\/\\\/ec-sainte-therese.com\\\/#organization\"},\"potentialAction\":[{\"@type\":\"SearchAction\",\"target\":{\"@type\":\"EntryPoint\",\"urlTemplate\":\"https:\\\/\\\/ec-sainte-therese.com\\\/?s={search_term_string}\"},\"query-input\":{\"@type\":\"PropertyValueSpecification\",\"valueRequired\":true,\"valueName\":\"search_term_string\"}}],\"inLanguage\":\"fr-FR\"},{\"@type\":\"Organization\",\"@id\":\"https:\\\/\\\/ec-sainte-therese.com\\\/#organization\",\"name\":\"ECOLE SAINTE THERESE\",\"alternateName\":\"ECOLE PRIVE\",\"url\":\"https:\\\/\\\/ec-sainte-therese.com\\\/\",\"logo\":{\"@type\":\"ImageObject\",\"inLanguage\":\"fr-FR\",\"@id\":\"https:\\\/\\\/ec-sainte-therese.com\\\/#\\\/schema\\\/logo\\\/image\\\/\",\"url\":\"https:\\\/\\\/ec-sainte-therese.com\\\/wp-content\\\/uploads\\\/2022\\\/12\\\/cropped-logo.png\",\"contentUrl\":\"https:\\\/\\\/ec-sainte-therese.com\\\/wp-content\\\/uploads\\\/2022\\\/12\\\/cropped-logo.png\",\"width\":240,\"height\":91,\"caption\":\"ECOLE SAINTE THERESE\"},\"image\":{\"@id\":\"https:\\\/\\\/ec-sainte-therese.com\\\/#\\\/schema\\\/logo\\\/image\\\/\"},\"sameAs\":[\"https:\\\/\\\/www.facebook.com\\\/APELSAINTETHERESE72\"]}]}<\/script>\n<!-- \/ Yoast SEO plugin. -->","yoast_head_json":{"title":"APEL - ECOLE PRIVEE SAINTE THERESE","robots":{"index":"index","follow":"follow","max-snippet":"max-snippet:-1","max-image-preview":"max-image-preview:large","max-video-preview":"max-video-preview:-1"},"canonical":"https:\/\/ec-sainte-therese.com\/?page_id=19","og_locale":"fr_FR","og_type":"article","og_title":"APEL - ECOLE PRIVEE SAINTE THERESE","og_description":"Apel Qu&rsquo;est-ce que l&rsquo;APEL ? L\u2019APEL de l\u2019\u00e9cole Sainte Th\u00e9r\u00e8se est une association loi 1901, reconnue dans le statut de l\u2019Enseignement Catholique, compos\u00e9e de parents d\u2019\u00e9l\u00e8ves de l\u2019\u00e9cole, tous b\u00e9n\u00e9voles. Elle dispose d\u2019une place sp\u00e9cifique au sein de l\u2019\u00e9tablissement scolaire. Quels objectifs\u00a0? &#8211; Cr\u00e9er et animer des liens conviviaux entre les parents de l\u2019\u00e9cole\u00a0\u00a0\u00a0\u00a0\u00a0\u00a0\u00a0\u00a0\u00a0 \u00a0\u00a0\u00a0 [&hellip;]","og_url":"https:\/\/ec-sainte-therese.com\/?page_id=19","og_site_name":"ECOLE PRIVEE SAINTE THERESE","article_publisher":"https:\/\/www.facebook.com\/APELSAINTETHERESE72","article_modified_time":"2023-01-26T14:24:57+00:00","twitter_card":"summary_large_image","twitter_misc":{"Dur\u00e9e de lecture estim\u00e9e":"2 minutes"},"schema":{"@context":"https:\/\/schema.org","@graph":[{"@type":"WebPage","@id":"https:\/\/ec-sainte-therese.com\/?page_id=19","url":"https:\/\/ec-sainte-therese.com\/?page_id=19","name":"APEL - ECOLE PRIVEE SAINTE THERESE","isPartOf":{"@id":"https:\/\/ec-sainte-therese.com\/#website"},"datePublished":"2022-12-22T14:53:09+00:00","dateModified":"2023-01-26T14:24:57+00:00","breadcrumb":{"@id":"https:\/\/ec-sainte-therese.com\/?page_id=19#breadcrumb"},"inLanguage":"fr-FR","potentialAction":[{"@type":"ReadAction","target":["https:\/\/ec-sainte-therese.com\/?page_id=19"]}]},{"@type":"BreadcrumbList","@id":"https:\/\/ec-sainte-therese.com\/?page_id=19#breadcrumb","itemListElement":[{"@type":"ListItem","position":1,"name":"Accueil","item":"https:\/\/ec-sainte-therese.com\/"},{"@type":"ListItem","position":2,"name":"APEL"}]},{"@type":"WebSite","@id":"https:\/\/ec-sainte-therese.com\/#website","url":"https:\/\/ec-sainte-therese.com\/","name":"ECOLE PRIVEE SAINTE THERESE","description":"","publisher":{"@id":"https:\/\/ec-sainte-therese.com\/#organization"},"potentialAction":[{"@type":"SearchAction","target":{"@type":"EntryPoint","urlTemplate":"https:\/\/ec-sainte-therese.com\/?s={search_term_string}"},"query-input":{"@type":"PropertyValueSpecification","valueRequired":true,"valueName":"search_term_string"}}],"inLanguage":"fr-FR"},{"@type":"Organization","@id":"https:\/\/ec-sainte-therese.com\/#organization","name":"ECOLE SAINTE THERESE","alternateName":"ECOLE PRIVE","url":"https:\/\/ec-sainte-therese.com\/","logo":{"@type":"ImageObject","inLanguage":"fr-FR","@id":"https:\/\/ec-sainte-therese.com\/#\/schema\/logo\/image\/","url":"https:\/\/ec-sainte-therese.com\/wp-content\/uploads\/2022\/12\/cropped-logo.png","contentUrl":"https:\/\/ec-sainte-therese.com\/wp-content\/uploads\/2022\/12\/cropped-logo.png","width":240,"height":91,"caption":"ECOLE SAINTE THERESE"},"image":{"@id":"https:\/\/ec-sainte-therese.com\/#\/schema\/logo\/image\/"},"sameAs":["https:\/\/www.facebook.com\/APELSAINTETHERESE72"]}]}},"_links":{"self":[{"href":"https:\/\/ec-sainte-therese.com\/index.php?rest_route=\/wp\/v2\/pages\/19","targetHints":{"allow":["GET"]}}],"collection":[{"href":"https:\/\/ec-sainte-therese.com\/index.php?rest_route=\/wp\/v2\/pages"}],"about":[{"href":"https:\/\/ec-sainte-therese.com\/index.php?rest_route=\/wp\/v2\/types\/page"}],"author":[{"embeddable":true,"href":"https:\/\/ec-sainte-therese.com\/index.php?rest_route=\/wp\/v2\/users\/1"}],"replies":[{"embeddable":true,"href":"https:\/\/ec-sainte-therese.com\/index.php?rest_route=%2Fwp%2Fv2%2Fcomments&post=19"}],"version-history":[{"count":22,"href":"https:\/\/ec-sainte-therese.com\/index.php?rest_route=\/wp\/v2\/pages\/19\/revisions"}],"predecessor-version":[{"id":463,"href":"https:\/\/ec-sainte-therese.com\/index.php?rest_route=\/wp\/v2\/pages\/19\/revisions\/463"}],"wp:attachment":[{"href":"https:\/\/ec-sainte-therese.com\/index.php?rest_route=%2Fwp%2Fv2%2Fmedia&parent=19"}],"curies":[{"name":"wp","href":"https:\/\/api.w.org\/{rel}","templated":true}]}}