{"id":23,"date":"2022-12-22T14:54:00","date_gmt":"2022-12-22T14:54:00","guid":{"rendered":"http:\/\/ec-sainte-therese-com.preview-domain.com\/?page_id=23"},"modified":"2023-01-20T14:25:56","modified_gmt":"2023-01-20T14:25:56","slug":"contrat-de-vie","status":"publish","type":"page","link":"https:\/\/ec-sainte-therese.com\/?page_id=23","title":{"rendered":"Contrat de vie"},"content":{"rendered":"\t\t<div data-elementor-type=\"wp-page\" data-elementor-id=\"23\" class=\"elementor elementor-23\">\n\t\t\t\t\t\t<section class=\"elementor-section elementor-top-section elementor-element elementor-element-bc3979b elementor-section-boxed elementor-section-height-default elementor-section-height-default\" data-id=\"bc3979b\" data-element_type=\"section\" data-e-type=\"section\" data-settings=\"{&quot;background_background&quot;:&quot;classic&quot;}\">\n\t\t\t\t\t\t\t<div class=\"elementor-background-overlay\"><\/div>\n\t\t\t\t\t\t\t<div class=\"elementor-container elementor-column-gap-default\">\n\t\t\t\t\t<div class=\"elementor-column elementor-col-100 elementor-top-column elementor-element elementor-element-7c30e40\" data-id=\"7c30e40\" data-element_type=\"column\" data-e-type=\"column\" data-settings=\"{&quot;background_background&quot;:&quot;gradient&quot;}\">\n\t\t\t<div class=\"elementor-widget-wrap elementor-element-populated\">\n\t\t\t\t\t<div class=\"elementor-background-overlay\"><\/div>\n\t\t\t\t\t\t<div class=\"elementor-element elementor-element-05a7509 elementor-widget elementor-widget-heading\" data-id=\"05a7509\" data-element_type=\"widget\" data-e-type=\"widget\" data-widget_type=\"heading.default\">\n\t\t\t\t<div class=\"elementor-widget-container\">\n\t\t\t\t\t<h2 class=\"elementor-heading-title elementor-size-default\">Le code de vie de l'\u00e9cole <\/h2>\t\t\t\t<\/div>\n\t\t\t\t<\/div>\n\t\t\t\t<div class=\"elementor-element elementor-element-c9f9b7c elementor-widget elementor-widget-text-editor\" data-id=\"c9f9b7c\" data-element_type=\"widget\" data-e-type=\"widget\" data-widget_type=\"text-editor.default\">\n\t\t\t\t<div class=\"elementor-widget-container\">\n\t\t\t\t\t\t\t\t\t<table width=\"1548\" cellspacing=\"0\" cellpadding=\"11\"><tbody><tr valign=\"top\"><td bgcolor=\"#d9d9d9\" width=\"764\"><h4 class=\"western\"><span style=\"font-family: Comic Sans MS, cursive; color: #000000;\">Les r\u00e8gles de vie \u00e0 respecter.<\/span><\/h4><\/td><td bgcolor=\"#a6a6a6\" width=\"740\"><h4 class=\"western\"><span style=\"font-family: Comic Sans MS, cursive; color: #000000;\">Quelques exemples\u2026<\/span><\/h4><\/td><\/tr><tr valign=\"top\"><td width=\"764\"><ol><li><span style=\"font-family: Comic Sans MS, cursive;\">Je<b> suis poli(e).<\/b><\/span><\/li><\/ol><\/td><td width=\"740\"><ul><li><p class=\"western\"><span style=\"font-family: Comic Sans MS, cursive;\"><i>Je dis les mots\u00a0\u00ab\u00a0magiques\u00a0\u00bb (bonjour, etc.)<\/i><\/span><\/p><\/li><li><p class=\"western\"><span style=\"font-family: Comic Sans MS, cursive;\"><i>Je ne dis pas de gros mots.<\/i><\/span><\/p><\/li><li><p class=\"western\"><span style=\"font-family: Comic Sans MS, cursive;\"><i>Je vouvoie les adultes en cycle 3.<\/i><\/span><\/p><\/li><\/ul><\/td><\/tr><tr valign=\"top\"><td width=\"764\"><ol start=\"2\"><li><p class=\"western\"><span style=\"font-family: Comic Sans MS, cursive;\"><b>Je respecte les autres dans leurs diff\u00e9rences.<\/b><\/span><\/p><\/li><\/ol><\/td><td width=\"740\"><ul><li><p class=\"western\"><span style=\"font-family: Comic Sans MS, cursive;\"><i>Je ne me moque pas de celui qui se trompe, qui a des difficult\u00e9s ou sur le physique.<\/i><\/span><\/p><\/li><li><p class=\"western\"><span style=\"font-family: Comic Sans MS, cursive;\"><i>Je ne donne pas de surnom vexant.<\/i><\/span><\/p><\/li><\/ul><\/td><\/tr><tr valign=\"top\"><td width=\"764\"><ol start=\"3\"><li><p class=\"western\"><span style=\"font-family: Comic Sans MS, cursive;\"><b>J\u2019aide ceux qui en ont besoin.<\/b><\/span><\/p><\/li><\/ol><\/td><td width=\"740\">\u00a0<\/td><\/tr><tr valign=\"top\"><td width=\"764\"><ol start=\"4\"><li><p class=\"western\"><span style=\"font-family: Comic Sans MS, cursive;\"><b>On joue ensemble et on partage les jeux.<\/b><\/span><\/p><\/li><\/ol><\/td><td width=\"740\"><ul><li><p class=\"western\"><span style=\"font-family: Comic Sans MS, cursive;\"><i>Je joue pacifiquement, sans me bagarrer. Lorsqu\u2019on a un probl\u00e8me, on va voir l\u2019adulte.<\/i><\/span><\/p><\/li><li><p class=\"western\"><span style=\"font-family: Comic Sans MS, cursive;\"><i>Je ne triche pas.<\/i><\/span><\/p><\/li><li><p class=\"western\"><span style=\"font-family: Comic Sans MS, cursive;\"><i>Je fais attention aux plus petits.<\/i><\/span><\/p><\/li><\/ul><\/td><\/tr><tr valign=\"top\"><td width=\"764\"><ol start=\"5\"><li><p class=\"western\"><span style=\"font-family: Comic Sans MS, cursive;\"><b>Je respecte le mat\u00e9riel\u00a0: le mien, celui des autres, celui de la classe, celui de la cour.<\/b><\/span><\/p><\/li><\/ol><\/td><td width=\"740\"><ul><li><p class=\"western\"><span style=\"font-family: Comic Sans MS, cursive;\"><i>Je ne m\u2019amuse pas avec les trousses, les v\u00eatements, etc.<\/i><\/span><\/p><\/li><li><p class=\"western\"><span style=\"font-family: Comic Sans MS, cursive;\"><i>Je ne jette pas les affaires, je les pose.<\/i><\/span><\/p><\/li><li><p class=\"western\"><span style=\"font-family: Comic Sans MS, cursive;\"><i>Je n\u2019ab\u00eeme pas le mat\u00e9riel.<\/i><\/span><\/p><\/li><li><p class=\"western\"><span style=\"font-family: Comic Sans MS, cursive;\"><i>Je ne casse pas le mat\u00e9riel.<\/i><\/span><\/p><\/li><li><p class=\"western\"><span style=\"font-family: Comic Sans MS, cursive;\"><i>Je n\u2019utilise pas les jeux des maternelles (pour les primaires).<\/i><\/span><\/p><\/li><\/ul><\/td><\/tr><tr valign=\"top\"><td width=\"764\"><ol start=\"6\"><li><p class=\"western\"><span style=\"font-family: Comic Sans MS, cursive;\"><b>Je respecte l\u2019environnement.<\/b><\/span><\/p><\/li><\/ol><\/td><td width=\"740\"><ul><li><p class=\"western\"><span style=\"font-family: Comic Sans MS, cursive;\"><i>Je mets les papiers dans la poubelle, je ne gaspille pas l\u2019eau.<\/i><\/span><\/p><\/li><li><p class=\"western\"><span style=\"font-family: Comic Sans MS, cursive;\"><i>J\u2019\u00e9teins la lumi\u00e8re, etc.<\/i><\/span><\/p><\/li><\/ul><\/td><\/tr><tr valign=\"top\"><td width=\"764\"><ol start=\"7\"><li><p class=\"western\"><span style=\"font-family: Comic Sans MS, cursive;\"><b>Je porte une tenue vestimentaire correcte et adapt\u00e9e \u00e0 l\u2019\u00e9cole.<\/b><\/span><\/p><\/li><\/ol><\/td><td width=\"740\"><ul><li><p class=\"western\"><span style=\"font-family: Comic Sans MS, cursive;\"><i>Je ne montre pas mon nombril, ni mes sous-v\u00eatements.<\/i><\/span><\/p><\/li><li><p class=\"western\"><span style=\"font-family: Comic Sans MS, cursive;\"><i>Je mets des chaussures adapt\u00e9es aux activit\u00e9s de l\u2019\u00e9cole.<\/i><\/span><\/p><\/li><li><p class=\"western\"><span style=\"font-family: Comic Sans MS, cursive;\"><i>Je ne porte pas de maquillage.<\/i><\/span><\/p><\/li><\/ul><\/td><\/tr><tr valign=\"top\"><td width=\"764\"><ol start=\"8\"><li><p class=\"western\"><span style=\"font-family: Comic Sans MS, cursive;\"><b>J\u2019apporte des friandises seulement pour les anniversaires et les f\u00eates.<\/b><\/span><\/p><\/li><\/ol><\/td><td width=\"740\"><ul><li><p class=\"western\"><span style=\"font-family: Comic Sans MS, cursive;\"><i>Les chewing-gums et les sucettes sont <\/i><\/span><span style=\"font-family: Comic Sans MS, cursive;\"><i><u>interdits<\/u><\/i><\/span><span style=\"font-family: Comic Sans MS, cursive;\"><i>.<\/i><\/span><\/p><\/li><\/ul><\/td><\/tr><tr valign=\"top\"><td width=\"764\"><ol start=\"9\"><li><p class=\"western\"><span style=\"font-family: Comic Sans MS, cursive;\"><b>J\u2019ob\u00e9is \u00e0 tous les adultes de l\u2019\u00e9cole : directrice, enseignants, ASEM, surveillants de cour, personnel de cantine, accompagnateurs, intervenants ext\u00e9rieur<\/b><\/span><\/p><\/li><\/ol><\/td><td width=\"740\"><ul><li><p class=\"western\"><span style=\"font-family: Comic Sans MS, cursive;\"><i>J\u2019\u00e9coute ce que l\u2019on dit<\/i><\/span><\/p><\/li><li><p class=\"western\"><span style=\"font-family: Comic Sans MS, cursive;\"><i>Je ne r\u00e9ponds pas<\/i><\/span><\/p><\/li><li><p class=\"western\"><span style=\"font-family: Comic Sans MS, cursive;\"><i>J\u2019accepte les d\u00e9cisions<\/i><\/span><\/p><\/li><\/ul><\/td><\/tr><\/tbody><\/table>\t\t\t\t\t\t\t\t<\/div>\n\t\t\t\t<\/div>\n\t\t\t\t<div class=\"elementor-element elementor-element-b921be9 elementor-widget elementor-widget-text-editor\" data-id=\"b921be9\" data-element_type=\"widget\" data-e-type=\"widget\" data-widget_type=\"text-editor.default\">\n\t\t\t\t<div class=\"elementor-widget-container\">\n\t\t\t\t\t\t\t\t\t<table width=\"1548\" cellspacing=\"0\" cellpadding=\"11\"><tbody><tr valign=\"top\"><td width=\"764\"><p class=\"western\"><span style=\"font-family: Comic Sans MS, cursive; color: #ffffff;\"><b>10. Je respecte les horaires de l\u2019\u00e9cole et les jours de classe.<\/b><\/span><\/p><\/td><td width=\"740\">\u00a0<\/td><\/tr><tr valign=\"top\"><td width=\"764\"><p class=\"western\"><span style=\"font-family: Comic Sans MS, cursive; color: #ffffff;\"><b>11. Je maitrise mon comportement.<\/b><\/span><\/p><\/td><td width=\"740\"><ul><li><p class=\"western\"><span style=\"font-family: Comic Sans MS, cursive; color: #ffffff;\"><i>Je ne dois pas avoir de gestes violents<\/i><\/span><\/p><\/li><\/ul><\/td><\/tr><\/tbody><\/table>\t\t\t\t\t\t\t\t<\/div>\n\t\t\t\t<\/div>\n\t\t\t\t<div class=\"elementor-element elementor-element-56d7c65 elementor-widget elementor-widget-text-editor\" data-id=\"56d7c65\" data-element_type=\"widget\" data-e-type=\"widget\" data-widget_type=\"text-editor.default\">\n\t\t\t\t<div class=\"elementor-widget-container\">\n\t\t\t\t\t\t\t\t\t<p class=\"western\" style=\"text-align: center;\"><span style=\"font-family: Comic Sans MS, cursive; color: #ffffff;\"><b>Ma signature m\u2019engage \u00e0 respecter le code de vie de l\u2019\u00e9cole. Si je ne le respecte pas, j\u2019aurai une sanction.<\/b><\/span><\/p><p class=\"western\" style=\"text-align: center;\"><span style=\"color: #ffffff;\"><span style=\"font-family: Comic Sans MS, cursive;\"><b>&#8211;<\/b><\/span><span style=\"font-family: Comic Sans MS, cursive;\"><u><b>Une punition \u00e0 faire \u00e0 la fin du cahier orange<\/b><\/u><\/span><span style=\"font-family: Comic Sans MS, cursive;\"><b>\u00a0: recopier l\u2019article qui a \u00e9t\u00e9 transgress\u00e9 plusieurs fois (selon l\u2019\u00e2ge des enfants) et signature des parents.<\/b><\/span><\/span><\/p><p class=\"western\" style=\"text-align: center;\"><span style=\"color: #ffffff;\"><span style=\"font-family: Comic Sans MS, cursive;\"><b>-Des transgressions r\u00e9p\u00e9t\u00e9es ou particuli\u00e8rement graves entra\u00eeneront <\/b><\/span><span style=\"font-family: Comic Sans MS, cursive;\"><u><b>une heure de colle<\/b><\/u><\/span><span style=\"font-family: Comic Sans MS, cursive;\"><b>, <\/b><\/span><span style=\"font-family: Comic Sans MS, cursive;\"><u><b>voire une exclusion temporaire ou d\u00e9finitive<\/b><\/u><\/span><span style=\"font-family: Comic Sans MS, cursive;\"><b> de l\u2019\u00e9cole.<\/b><\/span><\/span><\/p><table width=\"1414\" cellspacing=\"0\" cellpadding=\"11\"><tbody><tr valign=\"top\"><td width=\"314\"><p class=\"western\"><span style=\"font-family: Comic Sans MS, cursive; color: #ffffff;\"><b>Ma signature<\/b><\/span><\/p><\/td><td width=\"502\"><p class=\"western\"><span style=\"font-family: Comic Sans MS, cursive; color: #ffffff;\"><b>La signature de mes parents<\/b><\/span><\/p><\/td><td width=\"530\"><p class=\"western\"><span style=\"font-family: Comic Sans MS, cursive; color: #ffffff;\"><b>La signature de l\u2019\u00e9quipe \u00e9ducative<\/b><\/span><\/p><\/td><\/tr><tr valign=\"top\"><td style=\"text-align: center;\" width=\"314\">\u00a0<\/td><td style=\"text-align: center;\" width=\"502\">\u00a0<\/td><td style=\"text-align: center;\" width=\"530\">\u00a0<\/td><\/tr><\/tbody><\/table>\t\t\t\t\t\t\t\t<\/div>\n\t\t\t\t<\/div>\n\t\t\t\t\t<\/div>\n\t\t<\/div>\n\t\t\t\t\t<\/div>\n\t\t<\/section>\n\t\t\t\t<\/div>\n\t\t","protected":false},"excerpt":{"rendered":"<p>Le code de vie de l&rsquo;\u00e9cole Les r\u00e8gles de vie \u00e0 respecter. Quelques exemples\u2026 Je suis poli(e). Je dis les mots\u00a0\u00ab\u00a0magiques\u00a0\u00bb (bonjour, etc.) Je ne dis pas de gros mots. Je vouvoie les adultes en cycle 3. Je respecte les autres dans leurs diff\u00e9rences. Je ne me moque pas de celui qui se trompe, qui [&hellip;]<\/p>\n","protected":false},"author":1,"featured_media":0,"parent":0,"menu_order":0,"comment_status":"closed","ping_status":"closed","template":"","meta":{"site-sidebar-layout":"no-sidebar","site-content-layout":"page-builder","ast-site-content-layout":"default","site-content-style":"default","site-sidebar-style":"default","ast-global-header-display":"","ast-banner-title-visibility":"","ast-main-header-display":"","ast-hfb-above-header-display":"","ast-hfb-below-header-display":"","ast-hfb-mobile-header-display":"","site-post-title":"disabled","ast-breadcrumbs-content":"","ast-featured-img":"disabled","footer-sml-layout":"","ast-disable-related-posts":"","theme-transparent-header-meta":"","adv-header-id-meta":"","stick-header-meta":"","header-above-stick-meta":"","header-main-stick-meta":"","header-below-stick-meta":"","astra-migrate-meta-layouts":"default","ast-page-background-enabled":"default","ast-page-background-meta":{"desktop":{"background-color":"var(--ast-global-color-4)","background-image":"","background-repeat":"repeat","background-position":"center center","background-size":"auto","background-attachment":"scroll","background-type":"","background-media":"","overlay-type":"","overlay-color":"","overlay-opacity":"","overlay-gradient":""},"tablet":{"background-color":"","background-image":"","background-repeat":"repeat","background-position":"center center","background-size":"auto","background-attachment":"scroll","background-type":"","background-media":"","overlay-type":"","overlay-color":"","overlay-opacity":"","overlay-gradient":""},"mobile":{"background-color":"","background-image":"","background-repeat":"repeat","background-position":"center center","background-size":"auto","background-attachment":"scroll","background-type":"","background-media":"","overlay-type":"","overlay-color":"","overlay-opacity":"","overlay-gradient":""}},"ast-content-background-meta":{"desktop":{"background-color":"var(--ast-global-color-5)","background-image":"","background-repeat":"repeat","background-position":"center center","background-size":"auto","background-attachment":"scroll","background-type":"","background-media":"","overlay-type":"","overlay-color":"","overlay-opacity":"","overlay-gradient":""},"tablet":{"background-color":"var(--ast-global-color-5)","background-image":"","background-repeat":"repeat","background-position":"center center","background-size":"auto","background-attachment":"scroll","background-type":"","background-media":"","overlay-type":"","overlay-color":"","overlay-opacity":"","overlay-gradient":""},"mobile":{"background-color":"var(--ast-global-color-5)","background-image":"","background-repeat":"repeat","background-position":"center center","background-size":"auto","background-attachment":"scroll","background-type":"","background-media":"","overlay-type":"","overlay-color":"","overlay-opacity":"","overlay-gradient":""}},"footnotes":""},"class_list":["post-23","page","type-page","status-publish","hentry"],"yoast_head":"<!-- This site is optimized with the Yoast SEO plugin v27.4 - https:\/\/yoast.com\/product\/yoast-seo-wordpress\/ -->\n<title>Contrat de vie - ECOLE PRIVEE SAINTE THERESE<\/title>\n<meta name=\"robots\" content=\"index, follow, max-snippet:-1, max-image-preview:large, max-video-preview:-1\" \/>\n<link rel=\"canonical\" href=\"https:\/\/ec-sainte-therese.com\/?page_id=23\" \/>\n<meta property=\"og:locale\" content=\"fr_FR\" \/>\n<meta property=\"og:type\" content=\"article\" \/>\n<meta property=\"og:title\" content=\"Contrat de vie - ECOLE PRIVEE SAINTE THERESE\" \/>\n<meta property=\"og:description\" content=\"Le code de vie de l&rsquo;\u00e9cole Les r\u00e8gles de vie \u00e0 respecter. Quelques exemples\u2026 Je suis poli(e). Je dis les mots\u00a0\u00ab\u00a0magiques\u00a0\u00bb (bonjour, etc.) Je ne dis pas de gros mots. Je vouvoie les adultes en cycle 3. Je respecte les autres dans leurs diff\u00e9rences. Je ne me moque pas de celui qui se trompe, qui [&hellip;]\" \/>\n<meta property=\"og:url\" content=\"https:\/\/ec-sainte-therese.com\/?page_id=23\" \/>\n<meta property=\"og:site_name\" content=\"ECOLE PRIVEE SAINTE THERESE\" \/>\n<meta property=\"article:publisher\" content=\"https:\/\/www.facebook.com\/APELSAINTETHERESE72\" \/>\n<meta property=\"article:modified_time\" content=\"2023-01-20T14:25:56+00:00\" \/>\n<meta name=\"twitter:card\" content=\"summary_large_image\" \/>\n<meta name=\"twitter:label1\" content=\"Dur\u00e9e de lecture estim\u00e9e\" \/>\n\t<meta name=\"twitter:data1\" content=\"2 minutes\" \/>\n<script type=\"application\/ld+json\" class=\"yoast-schema-graph\">{\"@context\":\"https:\\\/\\\/schema.org\",\"@graph\":[{\"@type\":\"WebPage\",\"@id\":\"https:\\\/\\\/ec-sainte-therese.com\\\/?page_id=23\",\"url\":\"https:\\\/\\\/ec-sainte-therese.com\\\/?page_id=23\",\"name\":\"Contrat de vie - ECOLE PRIVEE SAINTE THERESE\",\"isPartOf\":{\"@id\":\"https:\\\/\\\/ec-sainte-therese.com\\\/#website\"},\"datePublished\":\"2022-12-22T14:54:00+00:00\",\"dateModified\":\"2023-01-20T14:25:56+00:00\",\"breadcrumb\":{\"@id\":\"https:\\\/\\\/ec-sainte-therese.com\\\/?page_id=23#breadcrumb\"},\"inLanguage\":\"fr-FR\",\"potentialAction\":[{\"@type\":\"ReadAction\",\"target\":[\"https:\\\/\\\/ec-sainte-therese.com\\\/?page_id=23\"]}]},{\"@type\":\"BreadcrumbList\",\"@id\":\"https:\\\/\\\/ec-sainte-therese.com\\\/?page_id=23#breadcrumb\",\"itemListElement\":[{\"@type\":\"ListItem\",\"position\":1,\"name\":\"Accueil\",\"item\":\"https:\\\/\\\/ec-sainte-therese.com\\\/\"},{\"@type\":\"ListItem\",\"position\":2,\"name\":\"Contrat de vie\"}]},{\"@type\":\"WebSite\",\"@id\":\"https:\\\/\\\/ec-sainte-therese.com\\\/#website\",\"url\":\"https:\\\/\\\/ec-sainte-therese.com\\\/\",\"name\":\"ECOLE PRIVEE SAINTE THERESE\",\"description\":\"\",\"publisher\":{\"@id\":\"https:\\\/\\\/ec-sainte-therese.com\\\/#organization\"},\"potentialAction\":[{\"@type\":\"SearchAction\",\"target\":{\"@type\":\"EntryPoint\",\"urlTemplate\":\"https:\\\/\\\/ec-sainte-therese.com\\\/?s={search_term_string}\"},\"query-input\":{\"@type\":\"PropertyValueSpecification\",\"valueRequired\":true,\"valueName\":\"search_term_string\"}}],\"inLanguage\":\"fr-FR\"},{\"@type\":\"Organization\",\"@id\":\"https:\\\/\\\/ec-sainte-therese.com\\\/#organization\",\"name\":\"ECOLE SAINTE THERESE\",\"alternateName\":\"ECOLE PRIVE\",\"url\":\"https:\\\/\\\/ec-sainte-therese.com\\\/\",\"logo\":{\"@type\":\"ImageObject\",\"inLanguage\":\"fr-FR\",\"@id\":\"https:\\\/\\\/ec-sainte-therese.com\\\/#\\\/schema\\\/logo\\\/image\\\/\",\"url\":\"https:\\\/\\\/ec-sainte-therese.com\\\/wp-content\\\/uploads\\\/2022\\\/12\\\/cropped-logo.png\",\"contentUrl\":\"https:\\\/\\\/ec-sainte-therese.com\\\/wp-content\\\/uploads\\\/2022\\\/12\\\/cropped-logo.png\",\"width\":240,\"height\":91,\"caption\":\"ECOLE SAINTE THERESE\"},\"image\":{\"@id\":\"https:\\\/\\\/ec-sainte-therese.com\\\/#\\\/schema\\\/logo\\\/image\\\/\"},\"sameAs\":[\"https:\\\/\\\/www.facebook.com\\\/APELSAINTETHERESE72\"]}]}<\/script>\n<!-- \/ Yoast SEO plugin. -->","yoast_head_json":{"title":"Contrat de vie - ECOLE PRIVEE SAINTE THERESE","robots":{"index":"index","follow":"follow","max-snippet":"max-snippet:-1","max-image-preview":"max-image-preview:large","max-video-preview":"max-video-preview:-1"},"canonical":"https:\/\/ec-sainte-therese.com\/?page_id=23","og_locale":"fr_FR","og_type":"article","og_title":"Contrat de vie - ECOLE PRIVEE SAINTE THERESE","og_description":"Le code de vie de l&rsquo;\u00e9cole Les r\u00e8gles de vie \u00e0 respecter. Quelques exemples\u2026 Je suis poli(e). Je dis les mots\u00a0\u00ab\u00a0magiques\u00a0\u00bb (bonjour, etc.) Je ne dis pas de gros mots. Je vouvoie les adultes en cycle 3. Je respecte les autres dans leurs diff\u00e9rences. Je ne me moque pas de celui qui se trompe, qui [&hellip;]","og_url":"https:\/\/ec-sainte-therese.com\/?page_id=23","og_site_name":"ECOLE PRIVEE SAINTE THERESE","article_publisher":"https:\/\/www.facebook.com\/APELSAINTETHERESE72","article_modified_time":"2023-01-20T14:25:56+00:00","twitter_card":"summary_large_image","twitter_misc":{"Dur\u00e9e de lecture estim\u00e9e":"2 minutes"},"schema":{"@context":"https:\/\/schema.org","@graph":[{"@type":"WebPage","@id":"https:\/\/ec-sainte-therese.com\/?page_id=23","url":"https:\/\/ec-sainte-therese.com\/?page_id=23","name":"Contrat de vie - ECOLE PRIVEE SAINTE THERESE","isPartOf":{"@id":"https:\/\/ec-sainte-therese.com\/#website"},"datePublished":"2022-12-22T14:54:00+00:00","dateModified":"2023-01-20T14:25:56+00:00","breadcrumb":{"@id":"https:\/\/ec-sainte-therese.com\/?page_id=23#breadcrumb"},"inLanguage":"fr-FR","potentialAction":[{"@type":"ReadAction","target":["https:\/\/ec-sainte-therese.com\/?page_id=23"]}]},{"@type":"BreadcrumbList","@id":"https:\/\/ec-sainte-therese.com\/?page_id=23#breadcrumb","itemListElement":[{"@type":"ListItem","position":1,"name":"Accueil","item":"https:\/\/ec-sainte-therese.com\/"},{"@type":"ListItem","position":2,"name":"Contrat de vie"}]},{"@type":"WebSite","@id":"https:\/\/ec-sainte-therese.com\/#website","url":"https:\/\/ec-sainte-therese.com\/","name":"ECOLE PRIVEE SAINTE THERESE","description":"","publisher":{"@id":"https:\/\/ec-sainte-therese.com\/#organization"},"potentialAction":[{"@type":"SearchAction","target":{"@type":"EntryPoint","urlTemplate":"https:\/\/ec-sainte-therese.com\/?s={search_term_string}"},"query-input":{"@type":"PropertyValueSpecification","valueRequired":true,"valueName":"search_term_string"}}],"inLanguage":"fr-FR"},{"@type":"Organization","@id":"https:\/\/ec-sainte-therese.com\/#organization","name":"ECOLE SAINTE THERESE","alternateName":"ECOLE PRIVE","url":"https:\/\/ec-sainte-therese.com\/","logo":{"@type":"ImageObject","inLanguage":"fr-FR","@id":"https:\/\/ec-sainte-therese.com\/#\/schema\/logo\/image\/","url":"https:\/\/ec-sainte-therese.com\/wp-content\/uploads\/2022\/12\/cropped-logo.png","contentUrl":"https:\/\/ec-sainte-therese.com\/wp-content\/uploads\/2022\/12\/cropped-logo.png","width":240,"height":91,"caption":"ECOLE SAINTE THERESE"},"image":{"@id":"https:\/\/ec-sainte-therese.com\/#\/schema\/logo\/image\/"},"sameAs":["https:\/\/www.facebook.com\/APELSAINTETHERESE72"]}]}},"_links":{"self":[{"href":"https:\/\/ec-sainte-therese.com\/index.php?rest_route=\/wp\/v2\/pages\/23","targetHints":{"allow":["GET"]}}],"collection":[{"href":"https:\/\/ec-sainte-therese.com\/index.php?rest_route=\/wp\/v2\/pages"}],"about":[{"href":"https:\/\/ec-sainte-therese.com\/index.php?rest_route=\/wp\/v2\/types\/page"}],"author":[{"embeddable":true,"href":"https:\/\/ec-sainte-therese.com\/index.php?rest_route=\/wp\/v2\/users\/1"}],"replies":[{"embeddable":true,"href":"https:\/\/ec-sainte-therese.com\/index.php?rest_route=%2Fwp%2Fv2%2Fcomments&post=23"}],"version-history":[{"count":40,"href":"https:\/\/ec-sainte-therese.com\/index.php?rest_route=\/wp\/v2\/pages\/23\/revisions"}],"predecessor-version":[{"id":356,"href":"https:\/\/ec-sainte-therese.com\/index.php?rest_route=\/wp\/v2\/pages\/23\/revisions\/356"}],"wp:attachment":[{"href":"https:\/\/ec-sainte-therese.com\/index.php?rest_route=%2Fwp%2Fv2%2Fmedia&parent=23"}],"curies":[{"name":"wp","href":"https:\/\/api.w.org\/{rel}","templated":true}]}}